{"id":794,"date":"2025-02-02T12:31:11","date_gmt":"2025-02-02T12:31:11","guid":{"rendered":"https:\/\/www.ugedent.com\/our-team\/"},"modified":"2025-03-08T13:36:38","modified_gmt":"2025-03-08T13:36:38","slug":"our-team","status":"publish","type":"page","link":"https:\/\/www.ugedent.com\/en\/our-team\/","title":{"rendered":"Our Team"},"content":{"rendered":"\t\t<div data-elementor-type=\"wp-page\" data-elementor-id=\"794\" class=\"elementor elementor-794 elementor-267\" data-elementor-post-type=\"page\">\n\t\t\t\t<div class=\"elementor-element elementor-element-aa0b40c e-con-full e-flex e-con e-parent\" data-id=\"aa0b40c\" data-element_type=\"container\" data-settings=\"{&quot;background_background&quot;:&quot;classic&quot;}\">\n\t\t<div class=\"elementor-element elementor-element-ac02019 e-con-full e-flex e-con e-child\" data-id=\"ac02019\" data-element_type=\"container\">\n\t\t\t\t<div class=\"elementor-element elementor-element-f7f02de elementor-widget elementor-widget-heading\" data-id=\"f7f02de\" data-element_type=\"widget\" data-widget_type=\"heading.default\">\n\t\t\t\t<div class=\"elementor-widget-container\">\n\t\t\t\t\t<h1 class=\"elementor-heading-title elementor-size-default\">Our Team<\/h1>\t\t\t\t<\/div>\n\t\t\t\t<\/div>\n\t\t\t\t<\/div>\n\t\t\t\t<\/div>\n\t\t<div class=\"elementor-element elementor-element-efe6506 e-con-full e-flex e-con e-parent\" data-id=\"efe6506\" data-element_type=\"container\">\n\t\t<div class=\"elementor-element elementor-element-1d52ee5 e-con-full e-flex e-con e-child\" data-id=\"1d52ee5\" data-element_type=\"container\">\n\t\t<div class=\"elementor-element elementor-element-2ac1894 e-grid e-con-full e-con e-child\" data-id=\"2ac1894\" data-element_type=\"container\">\n\t\t<div class=\"elementor-element elementor-element-a326315 e-con-full e-flex e-con e-child\" data-id=\"a326315\" data-element_type=\"container\">\n\t\t\t\t<div class=\"elementor-element elementor-element-1cadea6 elementor-flip-box--effect-fade elementor-widget elementor-widget-flip-box\" data-id=\"1cadea6\" data-element_type=\"widget\" data-widget_type=\"flip-box.default\">\n\t\t\t\t<div class=\"elementor-widget-container\">\n\t\t\t\t\t\t\t<div class=\"elementor-flip-box\" tabindex=\"0\">\n\t\t\t<div class=\"elementor-flip-box__layer elementor-flip-box__front\">\n\t\t\t\t<div class=\"elementor-flip-box__layer__overlay\">\n\t\t\t\t\t<div class=\"elementor-flip-box__layer__inner\">\n\t\t\t\t\t\t\n\t\t\t\t\t\t\n\t\t\t\t\t\t\t\t\t\t\t<\/div>\n\t\t\t\t<\/div>\n\t\t\t<\/div>\n\t\t\t<div class=\"elementor-flip-box__layer elementor-flip-box__back\">\n\t\t\t<div class=\"elementor-flip-box__layer__overlay\">\n\t\t\t\t<div class=\"elementor-flip-box__layer__inner\">\n\t\t\t\t\t\t\t\t\t\t\t<h3 class=\"elementor-flip-box__layer__title\">\n\t\t\t\t\t\t\tProf. Dr. Umut DEM\u0130R\t\t\t\t\t\t<\/h3>\n\t\t\t\t\t\n\t\t\t\t\t\t\t\t\t\t\t<div class=\"elementor-flip-box__layer__description\">\n\t\t\t\t\t\t\tDr. Umut Demir was born in 1995 in Sar\u0131yer district of Istanbul. He started his education life at Davut F\u0131r\u0131nca Anatolian High School in Bart\u0131n and successfully completed his high school education... \t\t\t\t\t\t<\/div>\n\t\t\t\t\t\n\t\t\t\t\t\t\t\t\t\t\t<a class=\"elementor-flip-box__button elementor-button elementor-size-sm\" href=\"https:\/\/www.ugedent.com\/en\/our-team\/dr-umut-demir\/\">\n\t\t\t\t\t\t\tRead More\t\t\t\t\t\t<\/a>\n\t\t\t\t\t\t\t\t<\/div>\n\t\t<\/div>\n\t\t<\/div>\n\t\t<\/div>\n\t\t\t\t\t\t<\/div>\n\t\t\t\t<\/div>\n\t\t\t\t<\/div>\n\t\t<div class=\"elementor-element elementor-element-c32bf7f e-con-full e-flex e-con e-child\" data-id=\"c32bf7f\" data-element_type=\"container\">\n\t\t\t\t<div class=\"elementor-element elementor-element-26aced1 elementor-flip-box--effect-fade elementor-widget elementor-widget-flip-box\" data-id=\"26aced1\" data-element_type=\"widget\" data-widget_type=\"flip-box.default\">\n\t\t\t\t<div class=\"elementor-widget-container\">\n\t\t\t\t\t\t\t<div class=\"elementor-flip-box\" tabindex=\"0\">\n\t\t\t<div class=\"elementor-flip-box__layer elementor-flip-box__front\">\n\t\t\t\t<div class=\"elementor-flip-box__layer__overlay\">\n\t\t\t\t\t<div class=\"elementor-flip-box__layer__inner\">\n\t\t\t\t\t\t\n\t\t\t\t\t\t\n\t\t\t\t\t\t\t\t\t\t\t<\/div>\n\t\t\t\t<\/div>\n\t\t\t<\/div>\n\t\t\t<div class=\"elementor-flip-box__layer elementor-flip-box__back\">\n\t\t\t<div class=\"elementor-flip-box__layer__overlay\">\n\t\t\t\t<div class=\"elementor-flip-box__layer__inner\">\n\t\t\t\t\t\t\t\t\t\t\t<h3 class=\"elementor-flip-box__layer__title\">\n\t\t\t\t\t\t\tDr. Gamze \u015e\u00fckriye CO\u015eAR\t\t\t\t\t\t<\/h3>\n\t\t\t\t\t\n\t\t\t\t\t\t\t\t\t\t\t<div class=\"elementor-flip-box__layer__description\">\n\t\t\t\t\t\t\tHe was born in 1994 in Istanbul. He studied at Erzurum Faculty of Dentistry between 2012-2017 and laid a solid foundation for his career in dentistry with the academic knowledge he gained during this period... \t\t\t\t\t\t<\/div>\n\t\t\t\t\t\n\t\t\t\t\t\t\t\t\t\t\t<a class=\"elementor-flip-box__button elementor-button elementor-size-sm\" href=\"https:\/\/www.ugedent.com\/en\/our-team\/dr-gamze-sukriye-cosar\/\">\n\t\t\t\t\t\t\tRead More\t\t\t\t\t\t<\/a>\n\t\t\t\t\t\t\t\t<\/div>\n\t\t<\/div>\n\t\t<\/div>\n\t\t<\/div>\n\t\t\t\t\t\t<\/div>\n\t\t\t\t<\/div>\n\t\t\t\t<\/div>\n\t\t<div class=\"elementor-element elementor-element-cdaa361 e-con-full e-flex e-con e-child\" data-id=\"cdaa361\" data-element_type=\"container\">\n\t\t\t\t<div class=\"elementor-element elementor-element-be6b452 elementor-flip-box--effect-fade elementor-widget elementor-widget-flip-box\" data-id=\"be6b452\" data-element_type=\"widget\" data-widget_type=\"flip-box.default\">\n\t\t\t\t<div class=\"elementor-widget-container\">\n\t\t\t\t\t\t\t<div class=\"elementor-flip-box\" tabindex=\"0\">\n\t\t\t<div class=\"elementor-flip-box__layer elementor-flip-box__front\">\n\t\t\t\t<div class=\"elementor-flip-box__layer__overlay\">\n\t\t\t\t\t<div class=\"elementor-flip-box__layer__inner\">\n\t\t\t\t\t\t\n\t\t\t\t\t\t\n\t\t\t\t\t\t\t\t\t\t\t<\/div>\n\t\t\t\t<\/div>\n\t\t\t<\/div>\n\t\t\t<div class=\"elementor-flip-box__layer elementor-flip-box__back\">\n\t\t\t<div class=\"elementor-flip-box__layer__overlay\">\n\t\t\t\t<div class=\"elementor-flip-box__layer__inner\">\n\t\t\t\t\t\t\t\t\t\t\t<h3 class=\"elementor-flip-box__layer__title\">\n\t\t\t\t\t\t\tDr. Emre EL\u00c7\u0130\t\t\t\t\t\t<\/h3>\n\t\t\t\t\t\n\t\t\t\t\t\t\t\t\t\t\t<div class=\"elementor-flip-box__layer__description\">\n\t\t\t\t\t\t\tBorn in 1993, he started his education life at \u015eanl\u0131urfa Anatolian High School and then completed his dentistry education at Istanbul Medipol University...\t\t\t\t\t\t<\/div>\n\t\t\t\t\t\n\t\t\t\t\t\t\t\t\t\t\t<a class=\"elementor-flip-box__button elementor-button elementor-size-sm\" href=\"https:\/\/www.ugedent.com\/en\/our-team\/dr-emre-elci\/\">\n\t\t\t\t\t\t\tRead More\t\t\t\t\t\t<\/a>\n\t\t\t\t\t\t\t\t<\/div>\n\t\t<\/div>\n\t\t<\/div>\n\t\t<\/div>\n\t\t\t\t\t\t<\/div>\n\t\t\t\t<\/div>\n\t\t\t\t<\/div>\n\t\t\t\t<\/div>\n\t\t\t\t<\/div>\n\t\t\t\t<\/div>\n\t\t\t\t<\/div>\n\t\t","protected":false},"excerpt":{"rendered":"<p>Our Team Prof. Dr. Umut DEM\u0130R Dr. Umut Demir was born in 1995 in Sar\u0131yer district of Istanbul. He started his education life at Davut F\u0131r\u0131nca Anatolian High School in Bart\u0131n and successfully completed his high school education&#8230; Read More Dr. Gamze \u015e\u00fckriye CO\u015eAR He was born in 1994 in Istanbul. He studied at Erzurum [&hellip;]<\/p>\n","protected":false},"author":1,"featured_media":0,"parent":0,"menu_order":0,"comment_status":"closed","ping_status":"closed","template":"","meta":{"footnotes":""},"class_list":["post-794","page","type-page","status-publish","hentry"],"yoast_head":"<!-- This site is optimized with the Yoast SEO plugin v25.6 - https:\/\/yoast.com\/wordpress\/plugins\/seo\/ -->\n<title>Our Team - UGE Dent<\/title>\n<meta name=\"robots\" content=\"index, follow, max-snippet:-1, max-image-preview:large, max-video-preview:-1\" \/>\n<link rel=\"canonical\" href=\"https:\/\/www.ugedent.com\/en\/our-team\/\" \/>\n<meta property=\"og:locale\" content=\"en_US\" \/>\n<meta property=\"og:type\" content=\"article\" \/>\n<meta property=\"og:title\" content=\"Our Team - UGE Dent\" \/>\n<meta property=\"og:description\" content=\"Our Team Prof. Dr. Umut DEM\u0130R Dr. Umut Demir was born in 1995 in Sar\u0131yer district of Istanbul. He started his education life at Davut F\u0131r\u0131nca Anatolian High School in Bart\u0131n and successfully completed his high school education&#8230; Read More Dr. Gamze \u015e\u00fckriye CO\u015eAR He was born in 1994 in Istanbul. He studied at Erzurum [&hellip;]\" \/>\n<meta property=\"og:url\" content=\"https:\/\/www.ugedent.com\/en\/our-team\/\" \/>\n<meta property=\"og:site_name\" content=\"UGE Dent\" \/>\n<meta property=\"article:modified_time\" content=\"2025-03-08T13:36:38+00:00\" \/>\n<meta name=\"twitter:card\" content=\"summary_large_image\" \/>\n<meta name=\"twitter:label1\" content=\"Est. reading time\" \/>\n\t<meta name=\"twitter:data1\" content=\"1 minute\" \/>\n<script type=\"application\/ld+json\" class=\"yoast-schema-graph\">{\"@context\":\"https:\/\/schema.org\",\"@graph\":[{\"@type\":\"WebPage\",\"@id\":\"https:\/\/www.ugedent.com\/en\/our-team\/\",\"url\":\"https:\/\/www.ugedent.com\/en\/our-team\/\",\"name\":\"Our Team - UGE Dent\",\"isPartOf\":{\"@id\":\"https:\/\/www.ugedent.com\/#website\"},\"datePublished\":\"2025-02-02T12:31:11+00:00\",\"dateModified\":\"2025-03-08T13:36:38+00:00\",\"breadcrumb\":{\"@id\":\"https:\/\/www.ugedent.com\/en\/our-team\/#breadcrumb\"},\"inLanguage\":\"en-US\",\"potentialAction\":[{\"@type\":\"ReadAction\",\"target\":[\"https:\/\/www.ugedent.com\/en\/our-team\/\"]}]},{\"@type\":\"BreadcrumbList\",\"@id\":\"https:\/\/www.ugedent.com\/en\/our-team\/#breadcrumb\",\"itemListElement\":[{\"@type\":\"ListItem\",\"position\":1,\"name\":\"Anasayfa\",\"item\":\"https:\/\/www.ugedent.com\/en\/\"},{\"@type\":\"ListItem\",\"position\":2,\"name\":\"Our Team\"}]},{\"@type\":\"WebSite\",\"@id\":\"https:\/\/www.ugedent.com\/#website\",\"url\":\"https:\/\/www.ugedent.com\/\",\"name\":\"UGE Dent\",\"description\":\"Anasayfa\",\"publisher\":{\"@id\":\"https:\/\/www.ugedent.com\/#organization\"},\"potentialAction\":[{\"@type\":\"SearchAction\",\"target\":{\"@type\":\"EntryPoint\",\"urlTemplate\":\"https:\/\/www.ugedent.com\/?s={search_term_string}\"},\"query-input\":{\"@type\":\"PropertyValueSpecification\",\"valueRequired\":true,\"valueName\":\"search_term_string\"}}],\"inLanguage\":\"en-US\"},{\"@type\":\"Organization\",\"@id\":\"https:\/\/www.ugedent.com\/#organization\",\"name\":\"UGE Dent\",\"url\":\"https:\/\/www.ugedent.com\/\",\"logo\":{\"@type\":\"ImageObject\",\"inLanguage\":\"en-US\",\"@id\":\"https:\/\/www.ugedent.com\/#\/schema\/logo\/image\/\",\"url\":\"https:\/\/www.ugedent.com\/wp-content\/uploads\/2025\/03\/ugedent-logo.svg\",\"contentUrl\":\"https:\/\/www.ugedent.com\/wp-content\/uploads\/2025\/03\/ugedent-logo.svg\",\"width\":722,\"height\":171,\"caption\":\"UGE Dent\"},\"image\":{\"@id\":\"https:\/\/www.ugedent.com\/#\/schema\/logo\/image\/\"}}]}<\/script>\n<!-- \/ Yoast SEO plugin. -->","yoast_head_json":{"title":"Our Team - UGE Dent","robots":{"index":"index","follow":"follow","max-snippet":"max-snippet:-1","max-image-preview":"max-image-preview:large","max-video-preview":"max-video-preview:-1"},"canonical":"https:\/\/www.ugedent.com\/en\/our-team\/","og_locale":"en_US","og_type":"article","og_title":"Our Team - UGE Dent","og_description":"Our Team Prof. Dr. Umut DEM\u0130R Dr. Umut Demir was born in 1995 in Sar\u0131yer district of Istanbul. He started his education life at Davut F\u0131r\u0131nca Anatolian High School in Bart\u0131n and successfully completed his high school education&#8230; Read More Dr. Gamze \u015e\u00fckriye CO\u015eAR He was born in 1994 in Istanbul. He studied at Erzurum [&hellip;]","og_url":"https:\/\/www.ugedent.com\/en\/our-team\/","og_site_name":"UGE Dent","article_modified_time":"2025-03-08T13:36:38+00:00","twitter_card":"summary_large_image","twitter_misc":{"Est. reading time":"1 minute"},"schema":{"@context":"https:\/\/schema.org","@graph":[{"@type":"WebPage","@id":"https:\/\/www.ugedent.com\/en\/our-team\/","url":"https:\/\/www.ugedent.com\/en\/our-team\/","name":"Our Team - UGE Dent","isPartOf":{"@id":"https:\/\/www.ugedent.com\/#website"},"datePublished":"2025-02-02T12:31:11+00:00","dateModified":"2025-03-08T13:36:38+00:00","breadcrumb":{"@id":"https:\/\/www.ugedent.com\/en\/our-team\/#breadcrumb"},"inLanguage":"en-US","potentialAction":[{"@type":"ReadAction","target":["https:\/\/www.ugedent.com\/en\/our-team\/"]}]},{"@type":"BreadcrumbList","@id":"https:\/\/www.ugedent.com\/en\/our-team\/#breadcrumb","itemListElement":[{"@type":"ListItem","position":1,"name":"Anasayfa","item":"https:\/\/www.ugedent.com\/en\/"},{"@type":"ListItem","position":2,"name":"Our Team"}]},{"@type":"WebSite","@id":"https:\/\/www.ugedent.com\/#website","url":"https:\/\/www.ugedent.com\/","name":"UGE Dent","description":"Anasayfa","publisher":{"@id":"https:\/\/www.ugedent.com\/#organization"},"potentialAction":[{"@type":"SearchAction","target":{"@type":"EntryPoint","urlTemplate":"https:\/\/www.ugedent.com\/?s={search_term_string}"},"query-input":{"@type":"PropertyValueSpecification","valueRequired":true,"valueName":"search_term_string"}}],"inLanguage":"en-US"},{"@type":"Organization","@id":"https:\/\/www.ugedent.com\/#organization","name":"UGE Dent","url":"https:\/\/www.ugedent.com\/","logo":{"@type":"ImageObject","inLanguage":"en-US","@id":"https:\/\/www.ugedent.com\/#\/schema\/logo\/image\/","url":"https:\/\/www.ugedent.com\/wp-content\/uploads\/2025\/03\/ugedent-logo.svg","contentUrl":"https:\/\/www.ugedent.com\/wp-content\/uploads\/2025\/03\/ugedent-logo.svg","width":722,"height":171,"caption":"UGE Dent"},"image":{"@id":"https:\/\/www.ugedent.com\/#\/schema\/logo\/image\/"}}]}},"_links":{"self":[{"href":"https:\/\/www.ugedent.com\/en\/wp-json\/wp\/v2\/pages\/794","targetHints":{"allow":["GET"]}}],"collection":[{"href":"https:\/\/www.ugedent.com\/en\/wp-json\/wp\/v2\/pages"}],"about":[{"href":"https:\/\/www.ugedent.com\/en\/wp-json\/wp\/v2\/types\/page"}],"author":[{"embeddable":true,"href":"https:\/\/www.ugedent.com\/en\/wp-json\/wp\/v2\/users\/1"}],"replies":[{"embeddable":true,"href":"https:\/\/www.ugedent.com\/en\/wp-json\/wp\/v2\/comments?post=794"}],"version-history":[{"count":10,"href":"https:\/\/www.ugedent.com\/en\/wp-json\/wp\/v2\/pages\/794\/revisions"}],"predecessor-version":[{"id":907,"href":"https:\/\/www.ugedent.com\/en\/wp-json\/wp\/v2\/pages\/794\/revisions\/907"}],"wp:attachment":[{"href":"https:\/\/www.ugedent.com\/en\/wp-json\/wp\/v2\/media?parent=794"}],"curies":[{"name":"wp","href":"https:\/\/api.w.org\/{rel}","templated":true}]}}