{"id":815,"date":"2025-02-24T18:01:06","date_gmt":"2025-02-24T18:01:06","guid":{"rendered":"https:\/\/www.ugedent.com\/our-team\/dr-emre-elci\/"},"modified":"2025-03-07T12:41:17","modified_gmt":"2025-03-07T12:41:17","slug":"dr-emre-elci","status":"publish","type":"page","link":"https:\/\/www.ugedent.com\/en\/our-team\/dr-emre-elci\/","title":{"rendered":"Dr. Emre Elc\u0327i"},"content":{"rendered":"\t\t<div data-elementor-type=\"wp-page\" data-elementor-id=\"815\" class=\"elementor elementor-815 elementor-607\" data-elementor-post-type=\"page\">\n\t\t\t\t<div class=\"elementor-element elementor-element-c9619de e-con-full e-flex e-con e-parent\" data-id=\"c9619de\" data-element_type=\"container\">\n\t\t<div class=\"elementor-element elementor-element-630a8f8e e-con-full e-flex e-con e-child\" data-id=\"630a8f8e\" data-element_type=\"container\">\n\t\t<div class=\"elementor-element elementor-element-639673d e-con-full e-flex e-con e-child\" data-id=\"639673d\" data-element_type=\"container\">\n\t\t\t\t<div class=\"elementor-element elementor-element-2e346ec8 elementor-widget elementor-widget-image\" data-id=\"2e346ec8\" data-element_type=\"widget\" data-widget_type=\"image.default\">\n\t\t\t\t<div class=\"elementor-widget-container\">\n\t\t\t\t\t\t\t\t\t\t\t\t\t\t\t<img decoding=\"async\" src=\"https:\/\/www.ugedent.com\/wp-content\/plugins\/elementor\/assets\/images\/placeholder.png\" title=\"\" alt=\"\" loading=\"lazy\" \/>\t\t\t\t\t\t\t\t\t\t\t\t\t\t\t<\/div>\n\t\t\t\t<\/div>\n\t\t\t\t<\/div>\n\t\t<div class=\"elementor-element elementor-element-7bcf5974 e-con-full e-flex e-con e-child\" data-id=\"7bcf5974\" data-element_type=\"container\">\n\t\t\t\t<div class=\"elementor-element elementor-element-e8e8379 elementor-widget elementor-widget-heading\" data-id=\"e8e8379\" data-element_type=\"widget\" data-widget_type=\"heading.default\">\n\t\t\t\t<div class=\"elementor-widget-container\">\n\t\t\t\t\t<h1 class=\"elementor-heading-title elementor-size-default\">Dr. Emre EL\u00c7\u0130<\/h1>\t\t\t\t<\/div>\n\t\t\t\t<\/div>\n\t\t\t\t<div class=\"elementor-element elementor-element-397e1b90 elementor-widget elementor-widget-text-editor\" data-id=\"397e1b90\" data-element_type=\"widget\" data-widget_type=\"text-editor.default\">\n\t\t\t\t<div class=\"elementor-widget-container\">\n\t\t\t\t\t\t\t\t\t<p>Born in 1993, he began his education at \u015eanl\u0131urfa Anatolian High School and later completed his dental studies at Istanbul Medipol University. In the field of prosthodontics and implant surgery, he closely follows modern treatment methods through advanced training, aiming to offer his patients aesthetic and functional solutions. <\/p><p>Dr. El\u00e7i, one of the founders of UGE Dent, combines his passion for his profession and his constant desire for improvement with modern technologies; he is committed to providing reliable, personalized service. Meticulous at every stage of his work, Dr. El\u00e7i is known in the healthcare sector for his distinctive approaches that prioritize patient satisfaction and ethical values. <\/p><p>In addition to his professional life, Dr. Emre El\u00e7i, who is also interested in hobbies such as traveling, cinema, swimming, and horseback riding, stands out with his multifaceted personality. He continuously enhances his professional knowledge and experience, and continues to provide service with a vision that will shape the future of healthcare. <\/p>\t\t\t\t\t\t\t\t<\/div>\n\t\t\t\t<\/div>\n\t\t\t\t<\/div>\n\t\t\t\t<\/div>\n\t\t\t\t<\/div>\n\t\t\t\t<\/div>\n\t\t","protected":false},"excerpt":{"rendered":"<p>Dr. Emre EL\u00c7\u0130 Born in 1993, he began his education at \u015eanl\u0131urfa Anatolian High School and later completed his dental studies at Istanbul Medipol University. In the field of prosthodontics and implant surgery, he closely follows modern treatment methods through advanced training, aiming to offer his patients aesthetic and functional solutions. Dr. El\u00e7i, one of [&hellip;]<\/p>\n","protected":false},"author":1,"featured_media":0,"parent":794,"menu_order":0,"comment_status":"closed","ping_status":"closed","template":"","meta":{"footnotes":""},"class_list":["post-815","page","type-page","status-publish","hentry"],"yoast_head":"<!-- This site is optimized with the Yoast SEO plugin v25.6 - https:\/\/yoast.com\/wordpress\/plugins\/seo\/ -->\n<title>Dr. Emre Elc\u0327i - UGE Dent<\/title>\n<meta name=\"robots\" content=\"index, follow, max-snippet:-1, max-image-preview:large, max-video-preview:-1\" \/>\n<link rel=\"canonical\" href=\"https:\/\/www.ugedent.com\/en\/our-team\/dr-emre-elci\/\" \/>\n<meta property=\"og:locale\" content=\"en_US\" \/>\n<meta property=\"og:type\" content=\"article\" \/>\n<meta property=\"og:title\" content=\"Dr. Emre Elc\u0327i - UGE Dent\" \/>\n<meta property=\"og:description\" content=\"Dr. Emre EL\u00c7\u0130 Born in 1993, he began his education at \u015eanl\u0131urfa Anatolian High School and later completed his dental studies at Istanbul Medipol University. In the field of prosthodontics and implant surgery, he closely follows modern treatment methods through advanced training, aiming to offer his patients aesthetic and functional solutions. Dr. El\u00e7i, one of [&hellip;]\" \/>\n<meta property=\"og:url\" content=\"https:\/\/www.ugedent.com\/en\/our-team\/dr-emre-elci\/\" \/>\n<meta property=\"og:site_name\" content=\"UGE Dent\" \/>\n<meta property=\"article:modified_time\" content=\"2025-03-07T12:41:17+00:00\" \/>\n<meta property=\"og:image\" content=\"https:\/\/www.ugedent.com\/wp-content\/plugins\/elementor\/assets\/images\/placeholder.png\" \/>\n<meta name=\"twitter:card\" content=\"summary_large_image\" \/>\n<meta name=\"twitter:label1\" content=\"Est. reading time\" \/>\n\t<meta name=\"twitter:data1\" content=\"1 minute\" \/>\n<script type=\"application\/ld+json\" class=\"yoast-schema-graph\">{\"@context\":\"https:\/\/schema.org\",\"@graph\":[{\"@type\":\"WebPage\",\"@id\":\"https:\/\/www.ugedent.com\/en\/our-team\/dr-emre-elci\/\",\"url\":\"https:\/\/www.ugedent.com\/en\/our-team\/dr-emre-elci\/\",\"name\":\"Dr. Emre Elc\u0327i - UGE Dent\",\"isPartOf\":{\"@id\":\"https:\/\/www.ugedent.com\/#website\"},\"primaryImageOfPage\":{\"@id\":\"https:\/\/www.ugedent.com\/en\/our-team\/dr-emre-elci\/#primaryimage\"},\"image\":{\"@id\":\"https:\/\/www.ugedent.com\/en\/our-team\/dr-emre-elci\/#primaryimage\"},\"thumbnailUrl\":\"https:\/\/www.ugedent.com\/wp-content\/plugins\/elementor\/assets\/images\/placeholder.png\",\"datePublished\":\"2025-02-24T18:01:06+00:00\",\"dateModified\":\"2025-03-07T12:41:17+00:00\",\"breadcrumb\":{\"@id\":\"https:\/\/www.ugedent.com\/en\/our-team\/dr-emre-elci\/#breadcrumb\"},\"inLanguage\":\"en-US\",\"potentialAction\":[{\"@type\":\"ReadAction\",\"target\":[\"https:\/\/www.ugedent.com\/en\/our-team\/dr-emre-elci\/\"]}]},{\"@type\":\"ImageObject\",\"inLanguage\":\"en-US\",\"@id\":\"https:\/\/www.ugedent.com\/en\/our-team\/dr-emre-elci\/#primaryimage\",\"url\":\"https:\/\/www.ugedent.com\/wp-content\/plugins\/elementor\/assets\/images\/placeholder.png\",\"contentUrl\":\"https:\/\/www.ugedent.com\/wp-content\/plugins\/elementor\/assets\/images\/placeholder.png\"},{\"@type\":\"BreadcrumbList\",\"@id\":\"https:\/\/www.ugedent.com\/en\/our-team\/dr-emre-elci\/#breadcrumb\",\"itemListElement\":[{\"@type\":\"ListItem\",\"position\":1,\"name\":\"Anasayfa\",\"item\":\"https:\/\/www.ugedent.com\/en\/\"},{\"@type\":\"ListItem\",\"position\":2,\"name\":\"Our Team\",\"item\":\"https:\/\/www.ugedent.com\/en\/our-team\/\"},{\"@type\":\"ListItem\",\"position\":3,\"name\":\"Dr. Emre Elc\u0327i\"}]},{\"@type\":\"WebSite\",\"@id\":\"https:\/\/www.ugedent.com\/#website\",\"url\":\"https:\/\/www.ugedent.com\/\",\"name\":\"UGE Dent\",\"description\":\"Anasayfa\",\"publisher\":{\"@id\":\"https:\/\/www.ugedent.com\/#organization\"},\"potentialAction\":[{\"@type\":\"SearchAction\",\"target\":{\"@type\":\"EntryPoint\",\"urlTemplate\":\"https:\/\/www.ugedent.com\/?s={search_term_string}\"},\"query-input\":{\"@type\":\"PropertyValueSpecification\",\"valueRequired\":true,\"valueName\":\"search_term_string\"}}],\"inLanguage\":\"en-US\"},{\"@type\":\"Organization\",\"@id\":\"https:\/\/www.ugedent.com\/#organization\",\"name\":\"UGE Dent\",\"url\":\"https:\/\/www.ugedent.com\/\",\"logo\":{\"@type\":\"ImageObject\",\"inLanguage\":\"en-US\",\"@id\":\"https:\/\/www.ugedent.com\/#\/schema\/logo\/image\/\",\"url\":\"https:\/\/www.ugedent.com\/wp-content\/uploads\/2025\/03\/ugedent-logo.svg\",\"contentUrl\":\"https:\/\/www.ugedent.com\/wp-content\/uploads\/2025\/03\/ugedent-logo.svg\",\"width\":722,\"height\":171,\"caption\":\"UGE Dent\"},\"image\":{\"@id\":\"https:\/\/www.ugedent.com\/#\/schema\/logo\/image\/\"}}]}<\/script>\n<!-- \/ Yoast SEO plugin. -->","yoast_head_json":{"title":"Dr. Emre Elc\u0327i - UGE Dent","robots":{"index":"index","follow":"follow","max-snippet":"max-snippet:-1","max-image-preview":"max-image-preview:large","max-video-preview":"max-video-preview:-1"},"canonical":"https:\/\/www.ugedent.com\/en\/our-team\/dr-emre-elci\/","og_locale":"en_US","og_type":"article","og_title":"Dr. Emre Elc\u0327i - UGE Dent","og_description":"Dr. Emre EL\u00c7\u0130 Born in 1993, he began his education at \u015eanl\u0131urfa Anatolian High School and later completed his dental studies at Istanbul Medipol University. In the field of prosthodontics and implant surgery, he closely follows modern treatment methods through advanced training, aiming to offer his patients aesthetic and functional solutions. Dr. El\u00e7i, one of [&hellip;]","og_url":"https:\/\/www.ugedent.com\/en\/our-team\/dr-emre-elci\/","og_site_name":"UGE Dent","article_modified_time":"2025-03-07T12:41:17+00:00","og_image":[{"url":"https:\/\/www.ugedent.com\/wp-content\/plugins\/elementor\/assets\/images\/placeholder.png","type":"","width":"","height":""}],"twitter_card":"summary_large_image","twitter_misc":{"Est. reading time":"1 minute"},"schema":{"@context":"https:\/\/schema.org","@graph":[{"@type":"WebPage","@id":"https:\/\/www.ugedent.com\/en\/our-team\/dr-emre-elci\/","url":"https:\/\/www.ugedent.com\/en\/our-team\/dr-emre-elci\/","name":"Dr. Emre Elc\u0327i - UGE Dent","isPartOf":{"@id":"https:\/\/www.ugedent.com\/#website"},"primaryImageOfPage":{"@id":"https:\/\/www.ugedent.com\/en\/our-team\/dr-emre-elci\/#primaryimage"},"image":{"@id":"https:\/\/www.ugedent.com\/en\/our-team\/dr-emre-elci\/#primaryimage"},"thumbnailUrl":"https:\/\/www.ugedent.com\/wp-content\/plugins\/elementor\/assets\/images\/placeholder.png","datePublished":"2025-02-24T18:01:06+00:00","dateModified":"2025-03-07T12:41:17+00:00","breadcrumb":{"@id":"https:\/\/www.ugedent.com\/en\/our-team\/dr-emre-elci\/#breadcrumb"},"inLanguage":"en-US","potentialAction":[{"@type":"ReadAction","target":["https:\/\/www.ugedent.com\/en\/our-team\/dr-emre-elci\/"]}]},{"@type":"ImageObject","inLanguage":"en-US","@id":"https:\/\/www.ugedent.com\/en\/our-team\/dr-emre-elci\/#primaryimage","url":"https:\/\/www.ugedent.com\/wp-content\/plugins\/elementor\/assets\/images\/placeholder.png","contentUrl":"https:\/\/www.ugedent.com\/wp-content\/plugins\/elementor\/assets\/images\/placeholder.png"},{"@type":"BreadcrumbList","@id":"https:\/\/www.ugedent.com\/en\/our-team\/dr-emre-elci\/#breadcrumb","itemListElement":[{"@type":"ListItem","position":1,"name":"Anasayfa","item":"https:\/\/www.ugedent.com\/en\/"},{"@type":"ListItem","position":2,"name":"Our Team","item":"https:\/\/www.ugedent.com\/en\/our-team\/"},{"@type":"ListItem","position":3,"name":"Dr. Emre Elc\u0327i"}]},{"@type":"WebSite","@id":"https:\/\/www.ugedent.com\/#website","url":"https:\/\/www.ugedent.com\/","name":"UGE Dent","description":"Anasayfa","publisher":{"@id":"https:\/\/www.ugedent.com\/#organization"},"potentialAction":[{"@type":"SearchAction","target":{"@type":"EntryPoint","urlTemplate":"https:\/\/www.ugedent.com\/?s={search_term_string}"},"query-input":{"@type":"PropertyValueSpecification","valueRequired":true,"valueName":"search_term_string"}}],"inLanguage":"en-US"},{"@type":"Organization","@id":"https:\/\/www.ugedent.com\/#organization","name":"UGE Dent","url":"https:\/\/www.ugedent.com\/","logo":{"@type":"ImageObject","inLanguage":"en-US","@id":"https:\/\/www.ugedent.com\/#\/schema\/logo\/image\/","url":"https:\/\/www.ugedent.com\/wp-content\/uploads\/2025\/03\/ugedent-logo.svg","contentUrl":"https:\/\/www.ugedent.com\/wp-content\/uploads\/2025\/03\/ugedent-logo.svg","width":722,"height":171,"caption":"UGE Dent"},"image":{"@id":"https:\/\/www.ugedent.com\/#\/schema\/logo\/image\/"}}]}},"_links":{"self":[{"href":"https:\/\/www.ugedent.com\/en\/wp-json\/wp\/v2\/pages\/815","targetHints":{"allow":["GET"]}}],"collection":[{"href":"https:\/\/www.ugedent.com\/en\/wp-json\/wp\/v2\/pages"}],"about":[{"href":"https:\/\/www.ugedent.com\/en\/wp-json\/wp\/v2\/types\/page"}],"author":[{"embeddable":true,"href":"https:\/\/www.ugedent.com\/en\/wp-json\/wp\/v2\/users\/1"}],"replies":[{"embeddable":true,"href":"https:\/\/www.ugedent.com\/en\/wp-json\/wp\/v2\/comments?post=815"}],"version-history":[{"count":1,"href":"https:\/\/www.ugedent.com\/en\/wp-json\/wp\/v2\/pages\/815\/revisions"}],"predecessor-version":[{"id":816,"href":"https:\/\/www.ugedent.com\/en\/wp-json\/wp\/v2\/pages\/815\/revisions\/816"}],"up":[{"embeddable":true,"href":"https:\/\/www.ugedent.com\/en\/wp-json\/wp\/v2\/pages\/794"}],"wp:attachment":[{"href":"https:\/\/www.ugedent.com\/en\/wp-json\/wp\/v2\/media?parent=815"}],"curies":[{"name":"wp","href":"https:\/\/api.w.org\/{rel}","templated":true}]}}