{"id":817,"date":"2025-02-24T17:59:41","date_gmt":"2025-02-24T17:59:41","guid":{"rendered":"https:\/\/www.ugedent.com\/our-team\/dr-gamze-sukriye-cosar\/"},"modified":"2025-03-07T12:51:19","modified_gmt":"2025-03-07T12:51:19","slug":"dr-gamze-sukriye-cosar","status":"publish","type":"page","link":"https:\/\/www.ugedent.com\/en\/our-team\/dr-gamze-sukriye-cosar\/","title":{"rendered":"Dr. Gamze S\u0327u\u0308kriye Cos\u0327ar"},"content":{"rendered":"\t\t<div data-elementor-type=\"wp-page\" data-elementor-id=\"817\" class=\"elementor elementor-817 elementor-601\" data-elementor-post-type=\"page\">\n\t\t\t\t<div class=\"elementor-element elementor-element-715fb76f e-con-full e-flex e-con e-parent\" data-id=\"715fb76f\" data-element_type=\"container\">\n\t\t<div class=\"elementor-element elementor-element-3e938538 e-con-full e-flex e-con e-child\" data-id=\"3e938538\" data-element_type=\"container\">\n\t\t<div class=\"elementor-element elementor-element-6d327c1f e-con-full e-flex e-con e-child\" data-id=\"6d327c1f\" data-element_type=\"container\">\n\t\t\t\t<div class=\"elementor-element elementor-element-139511b8 elementor-widget elementor-widget-image\" data-id=\"139511b8\" data-element_type=\"widget\" data-widget_type=\"image.default\">\n\t\t\t\t<div class=\"elementor-widget-container\">\n\t\t\t\t\t\t\t\t\t\t\t\t\t\t\t<img decoding=\"async\" src=\"https:\/\/www.ugedent.com\/wp-content\/plugins\/elementor\/assets\/images\/placeholder.png\" title=\"\" alt=\"\" loading=\"lazy\" \/>\t\t\t\t\t\t\t\t\t\t\t\t\t\t\t<\/div>\n\t\t\t\t<\/div>\n\t\t\t\t<\/div>\n\t\t<div class=\"elementor-element elementor-element-333a8ae9 e-con-full e-flex e-con e-child\" data-id=\"333a8ae9\" data-element_type=\"container\">\n\t\t\t\t<div class=\"elementor-element elementor-element-5b050f87 elementor-widget elementor-widget-heading\" data-id=\"5b050f87\" data-element_type=\"widget\" data-widget_type=\"heading.default\">\n\t\t\t\t<div class=\"elementor-widget-container\">\n\t\t\t\t\t<h1 class=\"elementor-heading-title elementor-size-default\">Dr. Gamze \u015e\u00fckriye CO\u015eAR<\/h1>\t\t\t\t<\/div>\n\t\t\t\t<\/div>\n\t\t\t\t<div class=\"elementor-element elementor-element-19809fcf elementor-widget elementor-widget-text-editor\" data-id=\"19809fcf\" data-element_type=\"widget\" data-widget_type=\"text-editor.default\">\n\t\t\t\t<div class=\"elementor-widget-container\">\n\t\t\t\t\t\t\t\t\t<p>He was born in Istanbul in 1994. He studied at the Erzurum Faculty of Dentistry from 2012 to 2017, and during that period, he laid a solid foundation for his dental career with the academic expertise he acquired. Between 2017 and 2020, Dr. Cos\u0327ar expanded his professional experience by working in a private clinic, focusing on implant surgery and dental prosthetics. He participated in numerous training programs and earned international certificates.<\/p><p>Dedicated to providing her patients with modern treatment methods rooted in trust and quality, Dr. Gamze \u015e\u00fckriye \u00c7o\u015far prioritizes ethical principles and scientific approaches in her dental practice. By closely following technological advancements, Dr. \u00c7o\u015far integrates the latest innovations in his field into treatment processes, consistently ensuring that patient satisfaction remains at the highest level.<\/p><p>At the same time, Dr. Gamze \u015e\u00fckriye \u00c7o\u015far, the founder of UGE Dent, continues to develop solutions that will shape the future of dentistry by embracing a disciplined work ethic and the principle of continuous improvement. Thanks to her achievements and the comprehensive training she has attended, she has reached a respected position in the field of dentistry.<\/p>\t\t\t\t\t\t\t\t<\/div>\n\t\t\t\t<\/div>\n\t\t\t\t<\/div>\n\t\t\t\t<\/div>\n\t\t\t\t<\/div>\n\t\t\t\t<\/div>\n\t\t","protected":false},"excerpt":{"rendered":"<p>Dr. Gamze \u015e\u00fckriye CO\u015eAR He was born in Istanbul in 1994. He studied at the Erzurum Faculty of Dentistry from 2012 to 2017, and during that period, he laid a solid foundation for his dental career with the academic expertise he acquired. Between 2017 and 2020, Dr. Cos\u0327ar expanded his professional experience by working in [&hellip;]<\/p>\n","protected":false},"author":1,"featured_media":0,"parent":794,"menu_order":0,"comment_status":"closed","ping_status":"closed","template":"","meta":{"footnotes":""},"class_list":["post-817","page","type-page","status-publish","hentry"],"yoast_head":"<!-- This site is optimized with the Yoast SEO plugin v25.6 - https:\/\/yoast.com\/wordpress\/plugins\/seo\/ -->\n<title>Dr. Gamze S\u0327u\u0308kriye Cos\u0327ar - UGE Dent<\/title>\n<meta name=\"robots\" content=\"index, follow, max-snippet:-1, max-image-preview:large, max-video-preview:-1\" \/>\n<link rel=\"canonical\" href=\"https:\/\/www.ugedent.com\/ekibimiz\/dr-gamze-sukriye-cosar\/\" \/>\n<meta property=\"og:locale\" content=\"en_US\" \/>\n<meta property=\"og:type\" content=\"article\" \/>\n<meta property=\"og:title\" content=\"Dr. Gamze S\u0327u\u0308kriye Cos\u0327ar - UGE Dent\" \/>\n<meta property=\"og:description\" content=\"Dr. Gamze \u015e\u00fckriye CO\u015eAR He was born in Istanbul in 1994. He studied at the Erzurum Faculty of Dentistry from 2012 to 2017, and during that period, he laid a solid foundation for his dental career with the academic expertise he acquired. Between 2017 and 2020, Dr. Cos\u0327ar expanded his professional experience by working in [&hellip;]\" \/>\n<meta property=\"og:url\" content=\"https:\/\/www.ugedent.com\/ekibimiz\/dr-gamze-sukriye-cosar\/\" \/>\n<meta property=\"og:site_name\" content=\"UGE Dent\" \/>\n<meta property=\"article:modified_time\" content=\"2025-03-07T12:51:19+00:00\" \/>\n<meta property=\"og:image\" content=\"https:\/\/www.ugedent.com\/wp-content\/plugins\/elementor\/assets\/images\/placeholder.png\" \/>\n<meta name=\"twitter:card\" content=\"summary_large_image\" \/>\n<meta name=\"twitter:label1\" content=\"Est. reading time\" \/>\n\t<meta name=\"twitter:data1\" content=\"1 minute\" \/>\n<script type=\"application\/ld+json\" class=\"yoast-schema-graph\">{\"@context\":\"https:\/\/schema.org\",\"@graph\":[{\"@type\":\"WebPage\",\"@id\":\"https:\/\/www.ugedent.com\/ekibimiz\/dr-gamze-sukriye-cosar\/\",\"url\":\"https:\/\/www.ugedent.com\/ekibimiz\/dr-gamze-sukriye-cosar\/\",\"name\":\"Dr. Gamze S\u0327u\u0308kriye Cos\u0327ar - UGE Dent\",\"isPartOf\":{\"@id\":\"https:\/\/www.ugedent.com\/#website\"},\"primaryImageOfPage\":{\"@id\":\"https:\/\/www.ugedent.com\/ekibimiz\/dr-gamze-sukriye-cosar\/#primaryimage\"},\"image\":{\"@id\":\"https:\/\/www.ugedent.com\/ekibimiz\/dr-gamze-sukriye-cosar\/#primaryimage\"},\"thumbnailUrl\":\"https:\/\/www.ugedent.com\/wp-content\/plugins\/elementor\/assets\/images\/placeholder.png\",\"datePublished\":\"2025-02-24T17:59:41+00:00\",\"dateModified\":\"2025-03-07T12:51:19+00:00\",\"breadcrumb\":{\"@id\":\"https:\/\/www.ugedent.com\/ekibimiz\/dr-gamze-sukriye-cosar\/#breadcrumb\"},\"inLanguage\":\"en-US\",\"potentialAction\":[{\"@type\":\"ReadAction\",\"target\":[\"https:\/\/www.ugedent.com\/ekibimiz\/dr-gamze-sukriye-cosar\/\"]}]},{\"@type\":\"ImageObject\",\"inLanguage\":\"en-US\",\"@id\":\"https:\/\/www.ugedent.com\/ekibimiz\/dr-gamze-sukriye-cosar\/#primaryimage\",\"url\":\"https:\/\/www.ugedent.com\/wp-content\/plugins\/elementor\/assets\/images\/placeholder.png\",\"contentUrl\":\"https:\/\/www.ugedent.com\/wp-content\/plugins\/elementor\/assets\/images\/placeholder.png\"},{\"@type\":\"BreadcrumbList\",\"@id\":\"https:\/\/www.ugedent.com\/ekibimiz\/dr-gamze-sukriye-cosar\/#breadcrumb\",\"itemListElement\":[{\"@type\":\"ListItem\",\"position\":1,\"name\":\"Anasayfa\",\"item\":\"https:\/\/www.ugedent.com\/en\/\"},{\"@type\":\"ListItem\",\"position\":2,\"name\":\"Our Team\",\"item\":\"https:\/\/www.ugedent.com\/en\/our-team\/\"},{\"@type\":\"ListItem\",\"position\":3,\"name\":\"Dr. Gamze S\u0327u\u0308kriye Cos\u0327ar\"}]},{\"@type\":\"WebSite\",\"@id\":\"https:\/\/www.ugedent.com\/#website\",\"url\":\"https:\/\/www.ugedent.com\/\",\"name\":\"UGE Dent\",\"description\":\"Anasayfa\",\"publisher\":{\"@id\":\"https:\/\/www.ugedent.com\/#organization\"},\"potentialAction\":[{\"@type\":\"SearchAction\",\"target\":{\"@type\":\"EntryPoint\",\"urlTemplate\":\"https:\/\/www.ugedent.com\/?s={search_term_string}\"},\"query-input\":{\"@type\":\"PropertyValueSpecification\",\"valueRequired\":true,\"valueName\":\"search_term_string\"}}],\"inLanguage\":\"en-US\"},{\"@type\":\"Organization\",\"@id\":\"https:\/\/www.ugedent.com\/#organization\",\"name\":\"UGE Dent\",\"url\":\"https:\/\/www.ugedent.com\/\",\"logo\":{\"@type\":\"ImageObject\",\"inLanguage\":\"en-US\",\"@id\":\"https:\/\/www.ugedent.com\/#\/schema\/logo\/image\/\",\"url\":\"https:\/\/www.ugedent.com\/wp-content\/uploads\/2025\/03\/ugedent-logo.svg\",\"contentUrl\":\"https:\/\/www.ugedent.com\/wp-content\/uploads\/2025\/03\/ugedent-logo.svg\",\"width\":722,\"height\":171,\"caption\":\"UGE Dent\"},\"image\":{\"@id\":\"https:\/\/www.ugedent.com\/#\/schema\/logo\/image\/\"}}]}<\/script>\n<!-- \/ Yoast SEO plugin. -->","yoast_head_json":{"title":"Dr. Gamze S\u0327u\u0308kriye Cos\u0327ar - UGE Dent","robots":{"index":"index","follow":"follow","max-snippet":"max-snippet:-1","max-image-preview":"max-image-preview:large","max-video-preview":"max-video-preview:-1"},"canonical":"https:\/\/www.ugedent.com\/ekibimiz\/dr-gamze-sukriye-cosar\/","og_locale":"en_US","og_type":"article","og_title":"Dr. Gamze S\u0327u\u0308kriye Cos\u0327ar - UGE Dent","og_description":"Dr. Gamze \u015e\u00fckriye CO\u015eAR He was born in Istanbul in 1994. He studied at the Erzurum Faculty of Dentistry from 2012 to 2017, and during that period, he laid a solid foundation for his dental career with the academic expertise he acquired. Between 2017 and 2020, Dr. Cos\u0327ar expanded his professional experience by working in [&hellip;]","og_url":"https:\/\/www.ugedent.com\/ekibimiz\/dr-gamze-sukriye-cosar\/","og_site_name":"UGE Dent","article_modified_time":"2025-03-07T12:51:19+00:00","og_image":[{"url":"https:\/\/www.ugedent.com\/wp-content\/plugins\/elementor\/assets\/images\/placeholder.png","type":"","width":"","height":""}],"twitter_card":"summary_large_image","twitter_misc":{"Est. reading time":"1 minute"},"schema":{"@context":"https:\/\/schema.org","@graph":[{"@type":"WebPage","@id":"https:\/\/www.ugedent.com\/ekibimiz\/dr-gamze-sukriye-cosar\/","url":"https:\/\/www.ugedent.com\/ekibimiz\/dr-gamze-sukriye-cosar\/","name":"Dr. Gamze S\u0327u\u0308kriye Cos\u0327ar - UGE Dent","isPartOf":{"@id":"https:\/\/www.ugedent.com\/#website"},"primaryImageOfPage":{"@id":"https:\/\/www.ugedent.com\/ekibimiz\/dr-gamze-sukriye-cosar\/#primaryimage"},"image":{"@id":"https:\/\/www.ugedent.com\/ekibimiz\/dr-gamze-sukriye-cosar\/#primaryimage"},"thumbnailUrl":"https:\/\/www.ugedent.com\/wp-content\/plugins\/elementor\/assets\/images\/placeholder.png","datePublished":"2025-02-24T17:59:41+00:00","dateModified":"2025-03-07T12:51:19+00:00","breadcrumb":{"@id":"https:\/\/www.ugedent.com\/ekibimiz\/dr-gamze-sukriye-cosar\/#breadcrumb"},"inLanguage":"en-US","potentialAction":[{"@type":"ReadAction","target":["https:\/\/www.ugedent.com\/ekibimiz\/dr-gamze-sukriye-cosar\/"]}]},{"@type":"ImageObject","inLanguage":"en-US","@id":"https:\/\/www.ugedent.com\/ekibimiz\/dr-gamze-sukriye-cosar\/#primaryimage","url":"https:\/\/www.ugedent.com\/wp-content\/plugins\/elementor\/assets\/images\/placeholder.png","contentUrl":"https:\/\/www.ugedent.com\/wp-content\/plugins\/elementor\/assets\/images\/placeholder.png"},{"@type":"BreadcrumbList","@id":"https:\/\/www.ugedent.com\/ekibimiz\/dr-gamze-sukriye-cosar\/#breadcrumb","itemListElement":[{"@type":"ListItem","position":1,"name":"Anasayfa","item":"https:\/\/www.ugedent.com\/en\/"},{"@type":"ListItem","position":2,"name":"Our Team","item":"https:\/\/www.ugedent.com\/en\/our-team\/"},{"@type":"ListItem","position":3,"name":"Dr. Gamze S\u0327u\u0308kriye Cos\u0327ar"}]},{"@type":"WebSite","@id":"https:\/\/www.ugedent.com\/#website","url":"https:\/\/www.ugedent.com\/","name":"UGE Dent","description":"Anasayfa","publisher":{"@id":"https:\/\/www.ugedent.com\/#organization"},"potentialAction":[{"@type":"SearchAction","target":{"@type":"EntryPoint","urlTemplate":"https:\/\/www.ugedent.com\/?s={search_term_string}"},"query-input":{"@type":"PropertyValueSpecification","valueRequired":true,"valueName":"search_term_string"}}],"inLanguage":"en-US"},{"@type":"Organization","@id":"https:\/\/www.ugedent.com\/#organization","name":"UGE Dent","url":"https:\/\/www.ugedent.com\/","logo":{"@type":"ImageObject","inLanguage":"en-US","@id":"https:\/\/www.ugedent.com\/#\/schema\/logo\/image\/","url":"https:\/\/www.ugedent.com\/wp-content\/uploads\/2025\/03\/ugedent-logo.svg","contentUrl":"https:\/\/www.ugedent.com\/wp-content\/uploads\/2025\/03\/ugedent-logo.svg","width":722,"height":171,"caption":"UGE Dent"},"image":{"@id":"https:\/\/www.ugedent.com\/#\/schema\/logo\/image\/"}}]}},"_links":{"self":[{"href":"https:\/\/www.ugedent.com\/en\/wp-json\/wp\/v2\/pages\/817","targetHints":{"allow":["GET"]}}],"collection":[{"href":"https:\/\/www.ugedent.com\/en\/wp-json\/wp\/v2\/pages"}],"about":[{"href":"https:\/\/www.ugedent.com\/en\/wp-json\/wp\/v2\/types\/page"}],"author":[{"embeddable":true,"href":"https:\/\/www.ugedent.com\/en\/wp-json\/wp\/v2\/users\/1"}],"replies":[{"embeddable":true,"href":"https:\/\/www.ugedent.com\/en\/wp-json\/wp\/v2\/comments?post=817"}],"version-history":[{"count":1,"href":"https:\/\/www.ugedent.com\/en\/wp-json\/wp\/v2\/pages\/817\/revisions"}],"predecessor-version":[{"id":818,"href":"https:\/\/www.ugedent.com\/en\/wp-json\/wp\/v2\/pages\/817\/revisions\/818"}],"up":[{"embeddable":true,"href":"https:\/\/www.ugedent.com\/en\/wp-json\/wp\/v2\/pages\/794"}],"wp:attachment":[{"href":"https:\/\/www.ugedent.com\/en\/wp-json\/wp\/v2\/media?parent=817"}],"curies":[{"name":"wp","href":"https:\/\/api.w.org\/{rel}","templated":true}]}}