{"id":819,"date":"2025-02-24T17:55:18","date_gmt":"2025-02-24T17:55:18","guid":{"rendered":"https:\/\/www.ugedent.com\/our-team\/dr-umut-demir\/"},"modified":"2025-03-07T12:54:42","modified_gmt":"2025-03-07T12:54:42","slug":"dr-umut-demir","status":"publish","type":"page","link":"https:\/\/www.ugedent.com\/en\/our-team\/dr-umut-demir\/","title":{"rendered":"Dr. Umut Demir"},"content":{"rendered":"\t\t<div data-elementor-type=\"wp-page\" data-elementor-id=\"819\" class=\"elementor elementor-819 elementor-593\" data-elementor-post-type=\"page\">\n\t\t\t\t<div class=\"elementor-element elementor-element-83d9d0c e-con-full e-flex e-con e-parent\" data-id=\"83d9d0c\" data-element_type=\"container\">\n\t\t<div class=\"elementor-element elementor-element-9d4da8a e-con-full e-flex e-con e-child\" data-id=\"9d4da8a\" data-element_type=\"container\">\n\t\t<div class=\"elementor-element elementor-element-5abaeb6 e-con-full e-flex e-con e-child\" data-id=\"5abaeb6\" data-element_type=\"container\">\n\t\t\t\t<div class=\"elementor-element elementor-element-8617434 elementor-widget elementor-widget-image\" data-id=\"8617434\" data-element_type=\"widget\" data-widget_type=\"image.default\">\n\t\t\t\t<div class=\"elementor-widget-container\">\n\t\t\t\t\t\t\t\t\t\t\t\t\t\t\t<img decoding=\"async\" src=\"https:\/\/www.ugedent.com\/wp-content\/plugins\/elementor\/assets\/images\/placeholder.png\" title=\"\" alt=\"\" loading=\"lazy\" \/>\t\t\t\t\t\t\t\t\t\t\t\t\t\t\t<\/div>\n\t\t\t\t<\/div>\n\t\t\t\t<\/div>\n\t\t<div class=\"elementor-element elementor-element-73ae4eb e-con-full e-flex e-con e-child\" data-id=\"73ae4eb\" data-element_type=\"container\">\n\t\t\t\t<div class=\"elementor-element elementor-element-f2863da elementor-widget elementor-widget-heading\" data-id=\"f2863da\" data-element_type=\"widget\" data-widget_type=\"heading.default\">\n\t\t\t\t<div class=\"elementor-widget-container\">\n\t\t\t\t\t<h1 class=\"elementor-heading-title elementor-size-default\">Prof. Dr. Umut DEM\u0130R<\/h1>\t\t\t\t<\/div>\n\t\t\t\t<\/div>\n\t\t\t\t<div class=\"elementor-element elementor-element-478b093 elementor-widget elementor-widget-text-editor\" data-id=\"478b093\" data-element_type=\"widget\" data-widget_type=\"text-editor.default\">\n\t\t\t\t<div class=\"elementor-widget-container\">\n\t\t\t\t\t\t\t\t\t<p><span style=\"font-size: 11.0pt; font-family: Poppins;\">Dr. Umut Demir was born in 1995 in the Sar\u0131yer district of Istanbul. He began his education at Davut F\u0131r\u0131nca Anatolian High School in Bart\u0131n and successfully completed his high school education. Dr. Demir, who graduated from Istanbul Medipol University&#8217;s Faculty of Dentistry in 2020, opened his own clinic in the same year, taking a solid step in his professional career.<\/span><\/p><p><span style=\"font-size: 11.0pt; font-family: Poppins;\">Specializing in aesthetic dentistry and surgical fields, Dr. Demir has regularly participated in various training programs to continuously enhance his professional knowledge and skills. Dedicated to offering his patients the most modern and effective treatment methods, Dr. Demir prioritizes meticulous and scientific approaches in his clinical practice.<\/span><\/p><p><span style=\"font-size: 11.0pt; font-family: Poppins;\">In 2025, Dr. Umut Demir founded UGE Oral and Dental Polyclinic, where he implements modern dental practices focused on patient satisfaction, aesthetics, and functionality. Thanks to his professional experience, vision for continuous improvement, and disciplined work ethic, Dr. Demir stands out as a trusted and respected name in the field of dentistry.<\/span><\/p>\t\t\t\t\t\t\t\t<\/div>\n\t\t\t\t<\/div>\n\t\t\t\t<\/div>\n\t\t\t\t<\/div>\n\t\t\t\t<\/div>\n\t\t\t\t<\/div>\n\t\t","protected":false},"excerpt":{"rendered":"<p>Prof. Dr. Umut DEM\u0130R Dr. Umut Demir was born in 1995 in the Sar\u0131yer district of Istanbul. He began his education at Davut F\u0131r\u0131nca Anatolian High School in Bart\u0131n and successfully completed his high school education. Dr. Demir, who graduated from Istanbul Medipol University&#8217;s Faculty of Dentistry in 2020, opened his own clinic in the [&hellip;]<\/p>\n","protected":false},"author":1,"featured_media":0,"parent":794,"menu_order":0,"comment_status":"closed","ping_status":"closed","template":"","meta":{"footnotes":""},"class_list":["post-819","page","type-page","status-publish","hentry"],"yoast_head":"<!-- This site is optimized with the Yoast SEO plugin v25.6 - https:\/\/yoast.com\/wordpress\/plugins\/seo\/ -->\n<title>Dr. Umut Demir - UGE Dent<\/title>\n<meta name=\"robots\" content=\"index, follow, max-snippet:-1, max-image-preview:large, max-video-preview:-1\" \/>\n<link rel=\"canonical\" href=\"https:\/\/www.ugedent.com\/ekibimiz\/dr-umut-demir\/\" \/>\n<meta property=\"og:locale\" content=\"en_US\" \/>\n<meta property=\"og:type\" content=\"article\" \/>\n<meta property=\"og:title\" content=\"Dr. Umut Demir - UGE Dent\" \/>\n<meta property=\"og:description\" content=\"Prof. Dr. Umut DEM\u0130R Dr. Umut Demir was born in 1995 in the Sar\u0131yer district of Istanbul. He began his education at Davut F\u0131r\u0131nca Anatolian High School in Bart\u0131n and successfully completed his high school education. Dr. Demir, who graduated from Istanbul Medipol University&#8217;s Faculty of Dentistry in 2020, opened his own clinic in the [&hellip;]\" \/>\n<meta property=\"og:url\" content=\"https:\/\/www.ugedent.com\/ekibimiz\/dr-umut-demir\/\" \/>\n<meta property=\"og:site_name\" content=\"UGE Dent\" \/>\n<meta property=\"article:modified_time\" content=\"2025-03-07T12:54:42+00:00\" \/>\n<meta property=\"og:image\" content=\"https:\/\/www.ugedent.com\/wp-content\/plugins\/elementor\/assets\/images\/placeholder.png\" \/>\n<meta name=\"twitter:card\" content=\"summary_large_image\" \/>\n<meta name=\"twitter:label1\" content=\"Est. reading time\" \/>\n\t<meta name=\"twitter:data1\" content=\"1 minute\" \/>\n<script type=\"application\/ld+json\" class=\"yoast-schema-graph\">{\"@context\":\"https:\/\/schema.org\",\"@graph\":[{\"@type\":\"WebPage\",\"@id\":\"https:\/\/www.ugedent.com\/ekibimiz\/dr-umut-demir\/\",\"url\":\"https:\/\/www.ugedent.com\/ekibimiz\/dr-umut-demir\/\",\"name\":\"Dr. Umut Demir - UGE Dent\",\"isPartOf\":{\"@id\":\"https:\/\/www.ugedent.com\/#website\"},\"primaryImageOfPage\":{\"@id\":\"https:\/\/www.ugedent.com\/ekibimiz\/dr-umut-demir\/#primaryimage\"},\"image\":{\"@id\":\"https:\/\/www.ugedent.com\/ekibimiz\/dr-umut-demir\/#primaryimage\"},\"thumbnailUrl\":\"https:\/\/www.ugedent.com\/wp-content\/plugins\/elementor\/assets\/images\/placeholder.png\",\"datePublished\":\"2025-02-24T17:55:18+00:00\",\"dateModified\":\"2025-03-07T12:54:42+00:00\",\"breadcrumb\":{\"@id\":\"https:\/\/www.ugedent.com\/ekibimiz\/dr-umut-demir\/#breadcrumb\"},\"inLanguage\":\"en-US\",\"potentialAction\":[{\"@type\":\"ReadAction\",\"target\":[\"https:\/\/www.ugedent.com\/ekibimiz\/dr-umut-demir\/\"]}]},{\"@type\":\"ImageObject\",\"inLanguage\":\"en-US\",\"@id\":\"https:\/\/www.ugedent.com\/ekibimiz\/dr-umut-demir\/#primaryimage\",\"url\":\"https:\/\/www.ugedent.com\/wp-content\/plugins\/elementor\/assets\/images\/placeholder.png\",\"contentUrl\":\"https:\/\/www.ugedent.com\/wp-content\/plugins\/elementor\/assets\/images\/placeholder.png\"},{\"@type\":\"BreadcrumbList\",\"@id\":\"https:\/\/www.ugedent.com\/ekibimiz\/dr-umut-demir\/#breadcrumb\",\"itemListElement\":[{\"@type\":\"ListItem\",\"position\":1,\"name\":\"Anasayfa\",\"item\":\"https:\/\/www.ugedent.com\/en\/\"},{\"@type\":\"ListItem\",\"position\":2,\"name\":\"Our Team\",\"item\":\"https:\/\/www.ugedent.com\/en\/our-team\/\"},{\"@type\":\"ListItem\",\"position\":3,\"name\":\"Dr. Umut Demir\"}]},{\"@type\":\"WebSite\",\"@id\":\"https:\/\/www.ugedent.com\/#website\",\"url\":\"https:\/\/www.ugedent.com\/\",\"name\":\"UGE Dent\",\"description\":\"Anasayfa\",\"publisher\":{\"@id\":\"https:\/\/www.ugedent.com\/#organization\"},\"potentialAction\":[{\"@type\":\"SearchAction\",\"target\":{\"@type\":\"EntryPoint\",\"urlTemplate\":\"https:\/\/www.ugedent.com\/?s={search_term_string}\"},\"query-input\":{\"@type\":\"PropertyValueSpecification\",\"valueRequired\":true,\"valueName\":\"search_term_string\"}}],\"inLanguage\":\"en-US\"},{\"@type\":\"Organization\",\"@id\":\"https:\/\/www.ugedent.com\/#organization\",\"name\":\"UGE Dent\",\"url\":\"https:\/\/www.ugedent.com\/\",\"logo\":{\"@type\":\"ImageObject\",\"inLanguage\":\"en-US\",\"@id\":\"https:\/\/www.ugedent.com\/#\/schema\/logo\/image\/\",\"url\":\"https:\/\/www.ugedent.com\/wp-content\/uploads\/2025\/03\/ugedent-logo.svg\",\"contentUrl\":\"https:\/\/www.ugedent.com\/wp-content\/uploads\/2025\/03\/ugedent-logo.svg\",\"width\":722,\"height\":171,\"caption\":\"UGE Dent\"},\"image\":{\"@id\":\"https:\/\/www.ugedent.com\/#\/schema\/logo\/image\/\"}}]}<\/script>\n<!-- \/ Yoast SEO plugin. -->","yoast_head_json":{"title":"Dr. Umut Demir - UGE Dent","robots":{"index":"index","follow":"follow","max-snippet":"max-snippet:-1","max-image-preview":"max-image-preview:large","max-video-preview":"max-video-preview:-1"},"canonical":"https:\/\/www.ugedent.com\/ekibimiz\/dr-umut-demir\/","og_locale":"en_US","og_type":"article","og_title":"Dr. Umut Demir - UGE Dent","og_description":"Prof. Dr. Umut DEM\u0130R Dr. Umut Demir was born in 1995 in the Sar\u0131yer district of Istanbul. He began his education at Davut F\u0131r\u0131nca Anatolian High School in Bart\u0131n and successfully completed his high school education. Dr. Demir, who graduated from Istanbul Medipol University&#8217;s Faculty of Dentistry in 2020, opened his own clinic in the [&hellip;]","og_url":"https:\/\/www.ugedent.com\/ekibimiz\/dr-umut-demir\/","og_site_name":"UGE Dent","article_modified_time":"2025-03-07T12:54:42+00:00","og_image":[{"url":"https:\/\/www.ugedent.com\/wp-content\/plugins\/elementor\/assets\/images\/placeholder.png","type":"","width":"","height":""}],"twitter_card":"summary_large_image","twitter_misc":{"Est. reading time":"1 minute"},"schema":{"@context":"https:\/\/schema.org","@graph":[{"@type":"WebPage","@id":"https:\/\/www.ugedent.com\/ekibimiz\/dr-umut-demir\/","url":"https:\/\/www.ugedent.com\/ekibimiz\/dr-umut-demir\/","name":"Dr. Umut Demir - UGE Dent","isPartOf":{"@id":"https:\/\/www.ugedent.com\/#website"},"primaryImageOfPage":{"@id":"https:\/\/www.ugedent.com\/ekibimiz\/dr-umut-demir\/#primaryimage"},"image":{"@id":"https:\/\/www.ugedent.com\/ekibimiz\/dr-umut-demir\/#primaryimage"},"thumbnailUrl":"https:\/\/www.ugedent.com\/wp-content\/plugins\/elementor\/assets\/images\/placeholder.png","datePublished":"2025-02-24T17:55:18+00:00","dateModified":"2025-03-07T12:54:42+00:00","breadcrumb":{"@id":"https:\/\/www.ugedent.com\/ekibimiz\/dr-umut-demir\/#breadcrumb"},"inLanguage":"en-US","potentialAction":[{"@type":"ReadAction","target":["https:\/\/www.ugedent.com\/ekibimiz\/dr-umut-demir\/"]}]},{"@type":"ImageObject","inLanguage":"en-US","@id":"https:\/\/www.ugedent.com\/ekibimiz\/dr-umut-demir\/#primaryimage","url":"https:\/\/www.ugedent.com\/wp-content\/plugins\/elementor\/assets\/images\/placeholder.png","contentUrl":"https:\/\/www.ugedent.com\/wp-content\/plugins\/elementor\/assets\/images\/placeholder.png"},{"@type":"BreadcrumbList","@id":"https:\/\/www.ugedent.com\/ekibimiz\/dr-umut-demir\/#breadcrumb","itemListElement":[{"@type":"ListItem","position":1,"name":"Anasayfa","item":"https:\/\/www.ugedent.com\/en\/"},{"@type":"ListItem","position":2,"name":"Our Team","item":"https:\/\/www.ugedent.com\/en\/our-team\/"},{"@type":"ListItem","position":3,"name":"Dr. Umut Demir"}]},{"@type":"WebSite","@id":"https:\/\/www.ugedent.com\/#website","url":"https:\/\/www.ugedent.com\/","name":"UGE Dent","description":"Anasayfa","publisher":{"@id":"https:\/\/www.ugedent.com\/#organization"},"potentialAction":[{"@type":"SearchAction","target":{"@type":"EntryPoint","urlTemplate":"https:\/\/www.ugedent.com\/?s={search_term_string}"},"query-input":{"@type":"PropertyValueSpecification","valueRequired":true,"valueName":"search_term_string"}}],"inLanguage":"en-US"},{"@type":"Organization","@id":"https:\/\/www.ugedent.com\/#organization","name":"UGE Dent","url":"https:\/\/www.ugedent.com\/","logo":{"@type":"ImageObject","inLanguage":"en-US","@id":"https:\/\/www.ugedent.com\/#\/schema\/logo\/image\/","url":"https:\/\/www.ugedent.com\/wp-content\/uploads\/2025\/03\/ugedent-logo.svg","contentUrl":"https:\/\/www.ugedent.com\/wp-content\/uploads\/2025\/03\/ugedent-logo.svg","width":722,"height":171,"caption":"UGE Dent"},"image":{"@id":"https:\/\/www.ugedent.com\/#\/schema\/logo\/image\/"}}]}},"_links":{"self":[{"href":"https:\/\/www.ugedent.com\/en\/wp-json\/wp\/v2\/pages\/819","targetHints":{"allow":["GET"]}}],"collection":[{"href":"https:\/\/www.ugedent.com\/en\/wp-json\/wp\/v2\/pages"}],"about":[{"href":"https:\/\/www.ugedent.com\/en\/wp-json\/wp\/v2\/types\/page"}],"author":[{"embeddable":true,"href":"https:\/\/www.ugedent.com\/en\/wp-json\/wp\/v2\/users\/1"}],"replies":[{"embeddable":true,"href":"https:\/\/www.ugedent.com\/en\/wp-json\/wp\/v2\/comments?post=819"}],"version-history":[{"count":1,"href":"https:\/\/www.ugedent.com\/en\/wp-json\/wp\/v2\/pages\/819\/revisions"}],"predecessor-version":[{"id":820,"href":"https:\/\/www.ugedent.com\/en\/wp-json\/wp\/v2\/pages\/819\/revisions\/820"}],"up":[{"embeddable":true,"href":"https:\/\/www.ugedent.com\/en\/wp-json\/wp\/v2\/pages\/794"}],"wp:attachment":[{"href":"https:\/\/www.ugedent.com\/en\/wp-json\/wp\/v2\/media?parent=819"}],"curies":[{"name":"wp","href":"https:\/\/api.w.org\/{rel}","templated":true}]}}